{"id":8077,"date":"2018-10-23T15:42:05","date_gmt":"2018-10-23T13:42:05","guid":{"rendered":"https:\/\/www.asseguris.com\/cotitzacio-assegurances-integrals-de-llar-i-patrimoni\/"},"modified":"2019-05-23T11:28:24","modified_gmt":"2019-05-23T09:28:24","slug":"cotizacion-seguros-integrales-de-hogar-y-patrimonio","status":"publish","type":"page","link":"https:\/\/asseguris.com\/es\/cotizacion-seguros-integrales-de-hogar-y-patrimonio\/","title":{"rendered":"COTIZACI\u00d3N SEGURO HOGAR"},"content":{"rendered":"","protected":false},"excerpt":{"rendered":"","protected":false},"author":5,"featured_media":0,"parent":0,"menu_order":71,"comment_status":"closed","ping_status":"closed","template":"","meta":{"footnotes":""},"class_list":["post-8077","page","type-page","status-publish","hentry"],"yoast_head":"<!-- This site is optimized with the Yoast SEO plugin v27.5 - https:\/\/yoast.com\/product\/yoast-seo-wordpress\/ -->\n<title>\u25b7 Cotizaci\u00f3n del Seguro de Hogar y Patrimonio - ASSEGURIS<\/title>\n<meta name=\"description\" content=\"Cotizaci\u00f3n seguros de patrimonio, con amplias garant\u00edas e innovadoras coberturas que te ofrecen una protecci\u00f3n integral para tu hogar\" \/>\n<meta name=\"robots\" content=\"index, follow, max-snippet:-1, max-image-preview:large, max-video-preview:-1\" \/>\n<link rel=\"canonical\" href=\"https:\/\/asseguris.com\/es\/cotizacion-seguros-integrales-de-hogar-y-patrimonio\/\" \/>\n<meta property=\"og:locale\" content=\"es_ES\" \/>\n<meta property=\"og:type\" content=\"article\" \/>\n<meta property=\"og:title\" content=\"\u25b7 Cotizaci\u00f3n del Seguro de Hogar y Patrimonio - ASSEGURIS\" \/>\n<meta property=\"og:description\" content=\"Cotizaci\u00f3n seguros de patrimonio, con amplias garant\u00edas e innovadoras coberturas que te ofrecen una protecci\u00f3n integral para tu hogar\" \/>\n<meta property=\"og:url\" content=\"https:\/\/asseguris.com\/es\/cotizacion-seguros-integrales-de-hogar-y-patrimonio\/\" \/>\n<meta property=\"og:site_name\" content=\"ASSEGURIS\" \/>\n<meta property=\"article:modified_time\" content=\"2019-05-23T09:28:24+00:00\" \/>\n<meta name=\"twitter:card\" content=\"summary_large_image\" \/>\n<script type=\"application\/ld+json\" class=\"yoast-schema-graph\">{\"@context\":\"https:\\\/\\\/schema.org\",\"@graph\":[{\"@type\":\"WebPage\",\"@id\":\"https:\\\/\\\/asseguris.com\\\/es\\\/cotizacion-seguros-integrales-de-hogar-y-patrimonio\\\/\",\"url\":\"https:\\\/\\\/asseguris.com\\\/es\\\/cotizacion-seguros-integrales-de-hogar-y-patrimonio\\\/\",\"name\":\"\u25b7 Cotizaci\u00f3n del Seguro de Hogar y Patrimonio - ASSEGURIS\",\"isPartOf\":{\"@id\":\"https:\\\/\\\/asseguris.com\\\/es\\\/#website\"},\"datePublished\":\"2018-10-23T13:42:05+00:00\",\"dateModified\":\"2019-05-23T09:28:24+00:00\",\"description\":\"Cotizaci\u00f3n seguros de patrimonio, con amplias garant\u00edas e innovadoras coberturas que te ofrecen una protecci\u00f3n integral para tu hogar\",\"breadcrumb\":{\"@id\":\"https:\\\/\\\/asseguris.com\\\/es\\\/cotizacion-seguros-integrales-de-hogar-y-patrimonio\\\/#breadcrumb\"},\"inLanguage\":\"es\",\"potentialAction\":[{\"@type\":\"ReadAction\",\"target\":[\"https:\\\/\\\/asseguris.com\\\/es\\\/cotizacion-seguros-integrales-de-hogar-y-patrimonio\\\/\"]}]},{\"@type\":\"BreadcrumbList\",\"@id\":\"https:\\\/\\\/asseguris.com\\\/es\\\/cotizacion-seguros-integrales-de-hogar-y-patrimonio\\\/#breadcrumb\",\"itemListElement\":[{\"@type\":\"ListItem\",\"position\":1,\"name\":\"Portada\",\"item\":\"https:\\\/\\\/asseguris.com\\\/\"},{\"@type\":\"ListItem\",\"position\":2,\"name\":\"COTIZACI\u00d3N SEGURO HOGAR\"}]},{\"@type\":\"WebSite\",\"@id\":\"https:\\\/\\\/asseguris.com\\\/es\\\/#website\",\"url\":\"https:\\\/\\\/asseguris.com\\\/es\\\/\",\"name\":\"ASSEGURIS\",\"description\":\"Especialistas en seguros para empresas en Pineda de Mar y Calella\",\"potentialAction\":[{\"@type\":\"SearchAction\",\"target\":{\"@type\":\"EntryPoint\",\"urlTemplate\":\"https:\\\/\\\/asseguris.com\\\/es\\\/?s={search_term_string}\"},\"query-input\":{\"@type\":\"PropertyValueSpecification\",\"valueRequired\":true,\"valueName\":\"search_term_string\"}}],\"inLanguage\":\"es\"}]}<\/script>\n<!-- \/ Yoast SEO plugin. -->","yoast_head_json":{"title":"\u25b7 Cotizaci\u00f3n del Seguro de Hogar y Patrimonio - ASSEGURIS","description":"Cotizaci\u00f3n seguros de patrimonio, con amplias garant\u00edas e innovadoras coberturas que te ofrecen una protecci\u00f3n integral para tu hogar","robots":{"index":"index","follow":"follow","max-snippet":"max-snippet:-1","max-image-preview":"max-image-preview:large","max-video-preview":"max-video-preview:-1"},"canonical":"https:\/\/asseguris.com\/es\/cotizacion-seguros-integrales-de-hogar-y-patrimonio\/","og_locale":"es_ES","og_type":"article","og_title":"\u25b7 Cotizaci\u00f3n del Seguro de Hogar y Patrimonio - ASSEGURIS","og_description":"Cotizaci\u00f3n seguros de patrimonio, con amplias garant\u00edas e innovadoras coberturas que te ofrecen una protecci\u00f3n integral para tu hogar","og_url":"https:\/\/asseguris.com\/es\/cotizacion-seguros-integrales-de-hogar-y-patrimonio\/","og_site_name":"ASSEGURIS","article_modified_time":"2019-05-23T09:28:24+00:00","twitter_card":"summary_large_image","schema":{"@context":"https:\/\/schema.org","@graph":[{"@type":"WebPage","@id":"https:\/\/asseguris.com\/es\/cotizacion-seguros-integrales-de-hogar-y-patrimonio\/","url":"https:\/\/asseguris.com\/es\/cotizacion-seguros-integrales-de-hogar-y-patrimonio\/","name":"\u25b7 Cotizaci\u00f3n del Seguro de Hogar y Patrimonio - ASSEGURIS","isPartOf":{"@id":"https:\/\/asseguris.com\/es\/#website"},"datePublished":"2018-10-23T13:42:05+00:00","dateModified":"2019-05-23T09:28:24+00:00","description":"Cotizaci\u00f3n seguros de patrimonio, con amplias garant\u00edas e innovadoras coberturas que te ofrecen una protecci\u00f3n integral para tu hogar","breadcrumb":{"@id":"https:\/\/asseguris.com\/es\/cotizacion-seguros-integrales-de-hogar-y-patrimonio\/#breadcrumb"},"inLanguage":"es","potentialAction":[{"@type":"ReadAction","target":["https:\/\/asseguris.com\/es\/cotizacion-seguros-integrales-de-hogar-y-patrimonio\/"]}]},{"@type":"BreadcrumbList","@id":"https:\/\/asseguris.com\/es\/cotizacion-seguros-integrales-de-hogar-y-patrimonio\/#breadcrumb","itemListElement":[{"@type":"ListItem","position":1,"name":"Portada","item":"https:\/\/asseguris.com\/"},{"@type":"ListItem","position":2,"name":"COTIZACI\u00d3N SEGURO HOGAR"}]},{"@type":"WebSite","@id":"https:\/\/asseguris.com\/es\/#website","url":"https:\/\/asseguris.com\/es\/","name":"ASSEGURIS","description":"Especialistas en seguros para empresas en Pineda de Mar y Calella","potentialAction":[{"@type":"SearchAction","target":{"@type":"EntryPoint","urlTemplate":"https:\/\/asseguris.com\/es\/?s={search_term_string}"},"query-input":{"@type":"PropertyValueSpecification","valueRequired":true,"valueName":"search_term_string"}}],"inLanguage":"es"}]}},"_links":{"self":[{"href":"https:\/\/asseguris.com\/es\/wp-json\/wp\/v2\/pages\/8077","targetHints":{"allow":["GET"]}}],"collection":[{"href":"https:\/\/asseguris.com\/es\/wp-json\/wp\/v2\/pages"}],"about":[{"href":"https:\/\/asseguris.com\/es\/wp-json\/wp\/v2\/types\/page"}],"author":[{"embeddable":true,"href":"https:\/\/asseguris.com\/es\/wp-json\/wp\/v2\/users\/5"}],"replies":[{"embeddable":true,"href":"https:\/\/asseguris.com\/es\/wp-json\/wp\/v2\/comments?post=8077"}],"version-history":[{"count":0,"href":"https:\/\/asseguris.com\/es\/wp-json\/wp\/v2\/pages\/8077\/revisions"}],"wp:attachment":[{"href":"https:\/\/asseguris.com\/es\/wp-json\/wp\/v2\/media?parent=8077"}],"curies":[{"name":"wp","href":"https:\/\/api.w.org\/{rel}","templated":true}]}}