{"id":8076,"date":"2018-10-26T11:55:58","date_gmt":"2018-10-26T09:55:58","guid":{"rendered":"https:\/\/www.asseguris.com\/autoritzacio-proves-mediques\/"},"modified":"2021-02-10T16:52:05","modified_gmt":"2021-02-10T15:52:05","slug":"autorizacion-pruebas-medicas","status":"publish","type":"page","link":"https:\/\/asseguris.com\/es\/autorizacion-pruebas-medicas\/","title":{"rendered":"AUTORIZACI\u00d3N PRUEBAS M\u00c9DICAS"},"content":{"rendered":"","protected":false},"excerpt":{"rendered":"","protected":false},"author":5,"featured_media":0,"parent":0,"menu_order":76,"comment_status":"closed","ping_status":"closed","template":"","meta":{"footnotes":""},"class_list":["post-8076","page","type-page","status-publish","hentry"],"yoast_head":"<!-- This site is optimized with the Yoast SEO plugin v27.5 - https:\/\/yoast.com\/product\/yoast-seo-wordpress\/ -->\n<title>\u25b7 Autorizaci\u00f3n de Pruebas M\u00e9dicas - ASSEGURIS<\/title>\n<meta name=\"description\" content=\"Solicita tu petici\u00f3n de autorizaci\u00f3n de pruebas m\u00e9dicas en centros hospitalarios.\" \/>\n<meta name=\"robots\" content=\"index, follow, max-snippet:-1, max-image-preview:large, max-video-preview:-1\" \/>\n<link rel=\"canonical\" href=\"https:\/\/asseguris.com\/es\/autorizacion-pruebas-medicas\/\" \/>\n<meta property=\"og:locale\" content=\"es_ES\" \/>\n<meta property=\"og:type\" content=\"article\" \/>\n<meta property=\"og:title\" content=\"\u25b7 Autorizaci\u00f3n de Pruebas M\u00e9dicas - ASSEGURIS\" \/>\n<meta property=\"og:description\" content=\"Solicita tu petici\u00f3n de autorizaci\u00f3n de pruebas m\u00e9dicas en centros hospitalarios.\" \/>\n<meta property=\"og:url\" content=\"https:\/\/asseguris.com\/es\/autorizacion-pruebas-medicas\/\" \/>\n<meta property=\"og:site_name\" content=\"ASSEGURIS\" \/>\n<meta property=\"article:modified_time\" content=\"2021-02-10T15:52:05+00:00\" \/>\n<meta name=\"twitter:card\" content=\"summary_large_image\" \/>\n<script type=\"application\/ld+json\" class=\"yoast-schema-graph\">{\"@context\":\"https:\\\/\\\/schema.org\",\"@graph\":[{\"@type\":\"WebPage\",\"@id\":\"https:\\\/\\\/asseguris.com\\\/es\\\/autorizacion-pruebas-medicas\\\/\",\"url\":\"https:\\\/\\\/asseguris.com\\\/es\\\/autorizacion-pruebas-medicas\\\/\",\"name\":\"\u25b7 Autorizaci\u00f3n de Pruebas M\u00e9dicas - ASSEGURIS\",\"isPartOf\":{\"@id\":\"https:\\\/\\\/asseguris.com\\\/es\\\/#website\"},\"datePublished\":\"2018-10-26T09:55:58+00:00\",\"dateModified\":\"2021-02-10T15:52:05+00:00\",\"description\":\"Solicita tu petici\u00f3n de autorizaci\u00f3n de pruebas m\u00e9dicas en centros hospitalarios.\",\"breadcrumb\":{\"@id\":\"https:\\\/\\\/asseguris.com\\\/es\\\/autorizacion-pruebas-medicas\\\/#breadcrumb\"},\"inLanguage\":\"es\",\"potentialAction\":[{\"@type\":\"ReadAction\",\"target\":[\"https:\\\/\\\/asseguris.com\\\/es\\\/autorizacion-pruebas-medicas\\\/\"]}]},{\"@type\":\"BreadcrumbList\",\"@id\":\"https:\\\/\\\/asseguris.com\\\/es\\\/autorizacion-pruebas-medicas\\\/#breadcrumb\",\"itemListElement\":[{\"@type\":\"ListItem\",\"position\":1,\"name\":\"Portada\",\"item\":\"https:\\\/\\\/asseguris.com\\\/\"},{\"@type\":\"ListItem\",\"position\":2,\"name\":\"AUTORIZACI\u00d3N PRUEBAS M\u00c9DICAS\"}]},{\"@type\":\"WebSite\",\"@id\":\"https:\\\/\\\/asseguris.com\\\/es\\\/#website\",\"url\":\"https:\\\/\\\/asseguris.com\\\/es\\\/\",\"name\":\"ASSEGURIS\",\"description\":\"Especialistas en seguros para empresas en Pineda de Mar y Calella\",\"potentialAction\":[{\"@type\":\"SearchAction\",\"target\":{\"@type\":\"EntryPoint\",\"urlTemplate\":\"https:\\\/\\\/asseguris.com\\\/es\\\/?s={search_term_string}\"},\"query-input\":{\"@type\":\"PropertyValueSpecification\",\"valueRequired\":true,\"valueName\":\"search_term_string\"}}],\"inLanguage\":\"es\"}]}<\/script>\n<!-- \/ Yoast SEO plugin. -->","yoast_head_json":{"title":"\u25b7 Autorizaci\u00f3n de Pruebas M\u00e9dicas - ASSEGURIS","description":"Solicita tu petici\u00f3n de autorizaci\u00f3n de pruebas m\u00e9dicas en centros hospitalarios.","robots":{"index":"index","follow":"follow","max-snippet":"max-snippet:-1","max-image-preview":"max-image-preview:large","max-video-preview":"max-video-preview:-1"},"canonical":"https:\/\/asseguris.com\/es\/autorizacion-pruebas-medicas\/","og_locale":"es_ES","og_type":"article","og_title":"\u25b7 Autorizaci\u00f3n de Pruebas M\u00e9dicas - ASSEGURIS","og_description":"Solicita tu petici\u00f3n de autorizaci\u00f3n de pruebas m\u00e9dicas en centros hospitalarios.","og_url":"https:\/\/asseguris.com\/es\/autorizacion-pruebas-medicas\/","og_site_name":"ASSEGURIS","article_modified_time":"2021-02-10T15:52:05+00:00","twitter_card":"summary_large_image","schema":{"@context":"https:\/\/schema.org","@graph":[{"@type":"WebPage","@id":"https:\/\/asseguris.com\/es\/autorizacion-pruebas-medicas\/","url":"https:\/\/asseguris.com\/es\/autorizacion-pruebas-medicas\/","name":"\u25b7 Autorizaci\u00f3n de Pruebas M\u00e9dicas - ASSEGURIS","isPartOf":{"@id":"https:\/\/asseguris.com\/es\/#website"},"datePublished":"2018-10-26T09:55:58+00:00","dateModified":"2021-02-10T15:52:05+00:00","description":"Solicita tu petici\u00f3n de autorizaci\u00f3n de pruebas m\u00e9dicas en centros hospitalarios.","breadcrumb":{"@id":"https:\/\/asseguris.com\/es\/autorizacion-pruebas-medicas\/#breadcrumb"},"inLanguage":"es","potentialAction":[{"@type":"ReadAction","target":["https:\/\/asseguris.com\/es\/autorizacion-pruebas-medicas\/"]}]},{"@type":"BreadcrumbList","@id":"https:\/\/asseguris.com\/es\/autorizacion-pruebas-medicas\/#breadcrumb","itemListElement":[{"@type":"ListItem","position":1,"name":"Portada","item":"https:\/\/asseguris.com\/"},{"@type":"ListItem","position":2,"name":"AUTORIZACI\u00d3N PRUEBAS M\u00c9DICAS"}]},{"@type":"WebSite","@id":"https:\/\/asseguris.com\/es\/#website","url":"https:\/\/asseguris.com\/es\/","name":"ASSEGURIS","description":"Especialistas en seguros para empresas en Pineda de Mar y Calella","potentialAction":[{"@type":"SearchAction","target":{"@type":"EntryPoint","urlTemplate":"https:\/\/asseguris.com\/es\/?s={search_term_string}"},"query-input":{"@type":"PropertyValueSpecification","valueRequired":true,"valueName":"search_term_string"}}],"inLanguage":"es"}]}},"_links":{"self":[{"href":"https:\/\/asseguris.com\/es\/wp-json\/wp\/v2\/pages\/8076","targetHints":{"allow":["GET"]}}],"collection":[{"href":"https:\/\/asseguris.com\/es\/wp-json\/wp\/v2\/pages"}],"about":[{"href":"https:\/\/asseguris.com\/es\/wp-json\/wp\/v2\/types\/page"}],"author":[{"embeddable":true,"href":"https:\/\/asseguris.com\/es\/wp-json\/wp\/v2\/users\/5"}],"replies":[{"embeddable":true,"href":"https:\/\/asseguris.com\/es\/wp-json\/wp\/v2\/comments?post=8076"}],"version-history":[{"count":0,"href":"https:\/\/asseguris.com\/es\/wp-json\/wp\/v2\/pages\/8076\/revisions"}],"wp:attachment":[{"href":"https:\/\/asseguris.com\/es\/wp-json\/wp\/v2\/media?parent=8076"}],"curies":[{"name":"wp","href":"https:\/\/api.w.org\/{rel}","templated":true}]}}