{"id":8059,"date":"2018-10-26T18:37:49","date_gmt":"2018-10-26T16:37:49","guid":{"rendered":"https:\/\/www.asseguris.com\/actualitzacio-de-dades\/"},"modified":"2021-02-10T16:55:07","modified_gmt":"2021-02-10T15:55:07","slug":"actualizacion-de-datos","status":"publish","type":"page","link":"https:\/\/asseguris.com\/es\/actualizacion-de-datos\/","title":{"rendered":"ACTUALIZACI\u00d3N DE DATOS"},"content":{"rendered":"","protected":false},"excerpt":{"rendered":"","protected":false},"author":5,"featured_media":0,"parent":0,"menu_order":75,"comment_status":"closed","ping_status":"closed","template":"","meta":{"footnotes":""},"class_list":["post-8059","page","type-page","status-publish","hentry"],"yoast_head":"<!-- This site is optimized with the Yoast SEO plugin v27.1.1 - https:\/\/yoast.com\/product\/yoast-seo-wordpress\/ -->\n<title>\u25b7 Cotitzaci\u00f3 assegurances de salut per particulars i fam\u00edlies - ASSEGURIS<\/title>\n<meta name=\"description\" content=\"Cotizaci\u00f3n seguros de salud para particulares y familias, que te garantizan una sanidad de m\u00e1xima calidad con el mejor trato personal y bienestar.\" \/>\n<meta name=\"robots\" content=\"index, follow, max-snippet:-1, max-image-preview:large, max-video-preview:-1\" \/>\n<link rel=\"canonical\" href=\"https:\/\/asseguris.com\/es\/actualizacion-de-datos\/\" \/>\n<meta property=\"og:locale\" content=\"es_ES\" \/>\n<meta property=\"og:type\" content=\"article\" \/>\n<meta property=\"og:title\" content=\"\u25b7 Cotitzaci\u00f3 assegurances de salut per particulars i fam\u00edlies - ASSEGURIS\" \/>\n<meta property=\"og:description\" content=\"Cotizaci\u00f3n seguros de salud para particulares y familias, que te garantizan una sanidad de m\u00e1xima calidad con el mejor trato personal y bienestar.\" \/>\n<meta property=\"og:url\" content=\"https:\/\/asseguris.com\/es\/actualizacion-de-datos\/\" \/>\n<meta property=\"og:site_name\" content=\"ASSEGURIS\" \/>\n<meta property=\"article:modified_time\" content=\"2021-02-10T15:55:07+00:00\" \/>\n<meta name=\"twitter:card\" content=\"summary_large_image\" \/>\n<script type=\"application\/ld+json\" class=\"yoast-schema-graph\">{\"@context\":\"https:\/\/schema.org\",\"@graph\":[{\"@type\":\"WebPage\",\"@id\":\"https:\/\/asseguris.com\/es\/actualizacion-de-datos\/\",\"url\":\"https:\/\/asseguris.com\/es\/actualizacion-de-datos\/\",\"name\":\"\u25b7 Cotitzaci\u00f3 assegurances de salut per particulars i fam\u00edlies - ASSEGURIS\",\"isPartOf\":{\"@id\":\"https:\/\/asseguris.com\/es\/#website\"},\"datePublished\":\"2018-10-26T16:37:49+00:00\",\"dateModified\":\"2021-02-10T15:55:07+00:00\",\"description\":\"Cotizaci\u00f3n seguros de salud para particulares y familias, que te garantizan una sanidad de m\u00e1xima calidad con el mejor trato personal y bienestar.\",\"breadcrumb\":{\"@id\":\"https:\/\/asseguris.com\/es\/actualizacion-de-datos\/#breadcrumb\"},\"inLanguage\":\"es\",\"potentialAction\":[{\"@type\":\"ReadAction\",\"target\":[\"https:\/\/asseguris.com\/es\/actualizacion-de-datos\/\"]}]},{\"@type\":\"BreadcrumbList\",\"@id\":\"https:\/\/asseguris.com\/es\/actualizacion-de-datos\/#breadcrumb\",\"itemListElement\":[{\"@type\":\"ListItem\",\"position\":1,\"name\":\"Portada\",\"item\":\"https:\/\/asseguris.com\/\"},{\"@type\":\"ListItem\",\"position\":2,\"name\":\"ACTUALIZACI\u00d3N DE DATOS\"}]},{\"@type\":\"WebSite\",\"@id\":\"https:\/\/asseguris.com\/es\/#website\",\"url\":\"https:\/\/asseguris.com\/es\/\",\"name\":\"ASSEGURIS\",\"description\":\"Especialistas en seguros para empresas en Pineda de Mar y Calella\",\"potentialAction\":[{\"@type\":\"SearchAction\",\"target\":{\"@type\":\"EntryPoint\",\"urlTemplate\":\"https:\/\/asseguris.com\/es\/?s={search_term_string}\"},\"query-input\":{\"@type\":\"PropertyValueSpecification\",\"valueRequired\":true,\"valueName\":\"search_term_string\"}}],\"inLanguage\":\"es\"}]}<\/script>\n<!-- \/ Yoast SEO plugin. -->","yoast_head_json":{"title":"\u25b7 Cotitzaci\u00f3 assegurances de salut per particulars i fam\u00edlies - ASSEGURIS","description":"Cotizaci\u00f3n seguros de salud para particulares y familias, que te garantizan una sanidad de m\u00e1xima calidad con el mejor trato personal y bienestar.","robots":{"index":"index","follow":"follow","max-snippet":"max-snippet:-1","max-image-preview":"max-image-preview:large","max-video-preview":"max-video-preview:-1"},"canonical":"https:\/\/asseguris.com\/es\/actualizacion-de-datos\/","og_locale":"es_ES","og_type":"article","og_title":"\u25b7 Cotitzaci\u00f3 assegurances de salut per particulars i fam\u00edlies - ASSEGURIS","og_description":"Cotizaci\u00f3n seguros de salud para particulares y familias, que te garantizan una sanidad de m\u00e1xima calidad con el mejor trato personal y bienestar.","og_url":"https:\/\/asseguris.com\/es\/actualizacion-de-datos\/","og_site_name":"ASSEGURIS","article_modified_time":"2021-02-10T15:55:07+00:00","twitter_card":"summary_large_image","schema":{"@context":"https:\/\/schema.org","@graph":[{"@type":"WebPage","@id":"https:\/\/asseguris.com\/es\/actualizacion-de-datos\/","url":"https:\/\/asseguris.com\/es\/actualizacion-de-datos\/","name":"\u25b7 Cotitzaci\u00f3 assegurances de salut per particulars i fam\u00edlies - ASSEGURIS","isPartOf":{"@id":"https:\/\/asseguris.com\/es\/#website"},"datePublished":"2018-10-26T16:37:49+00:00","dateModified":"2021-02-10T15:55:07+00:00","description":"Cotizaci\u00f3n seguros de salud para particulares y familias, que te garantizan una sanidad de m\u00e1xima calidad con el mejor trato personal y bienestar.","breadcrumb":{"@id":"https:\/\/asseguris.com\/es\/actualizacion-de-datos\/#breadcrumb"},"inLanguage":"es","potentialAction":[{"@type":"ReadAction","target":["https:\/\/asseguris.com\/es\/actualizacion-de-datos\/"]}]},{"@type":"BreadcrumbList","@id":"https:\/\/asseguris.com\/es\/actualizacion-de-datos\/#breadcrumb","itemListElement":[{"@type":"ListItem","position":1,"name":"Portada","item":"https:\/\/asseguris.com\/"},{"@type":"ListItem","position":2,"name":"ACTUALIZACI\u00d3N DE DATOS"}]},{"@type":"WebSite","@id":"https:\/\/asseguris.com\/es\/#website","url":"https:\/\/asseguris.com\/es\/","name":"ASSEGURIS","description":"Especialistas en seguros para empresas en Pineda de Mar y Calella","potentialAction":[{"@type":"SearchAction","target":{"@type":"EntryPoint","urlTemplate":"https:\/\/asseguris.com\/es\/?s={search_term_string}"},"query-input":{"@type":"PropertyValueSpecification","valueRequired":true,"valueName":"search_term_string"}}],"inLanguage":"es"}]}},"_links":{"self":[{"href":"https:\/\/asseguris.com\/es\/wp-json\/wp\/v2\/pages\/8059","targetHints":{"allow":["GET"]}}],"collection":[{"href":"https:\/\/asseguris.com\/es\/wp-json\/wp\/v2\/pages"}],"about":[{"href":"https:\/\/asseguris.com\/es\/wp-json\/wp\/v2\/types\/page"}],"author":[{"embeddable":true,"href":"https:\/\/asseguris.com\/es\/wp-json\/wp\/v2\/users\/5"}],"replies":[{"embeddable":true,"href":"https:\/\/asseguris.com\/es\/wp-json\/wp\/v2\/comments?post=8059"}],"version-history":[{"count":0,"href":"https:\/\/asseguris.com\/es\/wp-json\/wp\/v2\/pages\/8059\/revisions"}],"wp:attachment":[{"href":"https:\/\/asseguris.com\/es\/wp-json\/wp\/v2\/media?parent=8059"}],"curies":[{"name":"wp","href":"https:\/\/api.w.org\/{rel}","templated":true}]}}