{"id":25934,"date":"2023-11-28T13:26:32","date_gmt":"2023-11-28T12:26:32","guid":{"rendered":"https:\/\/asseguris.com\/?page_id=25934"},"modified":"2026-01-09T09:23:12","modified_gmt":"2026-01-09T08:23:12","slug":"sistema-interno-de-informacion","status":"publish","type":"page","link":"https:\/\/asseguris.com\/es\/sistema-interno-de-informacion\/","title":{"rendered":"SISTEMA INTERNO DE INFORMACI\u00d3N"},"content":{"rendered":"","protected":false},"excerpt":{"rendered":"","protected":false},"author":5,"featured_media":0,"parent":0,"menu_order":95,"comment_status":"closed","ping_status":"closed","template":"","meta":{"footnotes":""},"class_list":["post-25934","page","type-page","status-publish","hentry"],"yoast_head":"<!-- This site is optimized with the Yoast SEO plugin v27.4 - https:\/\/yoast.com\/product\/yoast-seo-wordpress\/ -->\n<title>SISTEMA INTERNO DE INFORMACI\u00d3N - ASSEGURIS<\/title>\n<meta name=\"description\" content=\"SISTEMA INTERN D&#039;INFORMACI\u00d3SISTEMA INTERNO DE INFORMACI\u00d3N\" \/>\n<meta name=\"robots\" content=\"noindex, follow\" \/>\n<meta property=\"og:locale\" content=\"es_ES\" \/>\n<meta property=\"og:type\" content=\"article\" \/>\n<meta property=\"og:title\" content=\"SISTEMA INTERNO DE INFORMACI\u00d3N - ASSEGURIS\" \/>\n<meta property=\"og:description\" content=\"SISTEMA INTERN D&#039;INFORMACI\u00d3SISTEMA INTERNO DE INFORMACI\u00d3N\" \/>\n<meta property=\"og:url\" content=\"https:\/\/asseguris.com\/es\/sistema-interno-de-informacion\/\" \/>\n<meta property=\"og:site_name\" content=\"ASSEGURIS\" \/>\n<meta property=\"article:modified_time\" content=\"2026-01-09T08:23:12+00:00\" \/>\n<meta name=\"twitter:card\" content=\"summary_large_image\" \/>\n<script type=\"application\/ld+json\" class=\"yoast-schema-graph\">{\"@context\":\"https:\\\/\\\/schema.org\",\"@graph\":[{\"@type\":\"WebPage\",\"@id\":\"https:\\\/\\\/asseguris.com\\\/es\\\/sistema-interno-de-informacion\\\/\",\"url\":\"https:\\\/\\\/asseguris.com\\\/es\\\/sistema-interno-de-informacion\\\/\",\"name\":\"SISTEMA INTERNO DE INFORMACI\u00d3N - ASSEGURIS\",\"isPartOf\":{\"@id\":\"https:\\\/\\\/asseguris.com\\\/es\\\/#website\"},\"datePublished\":\"2023-11-28T12:26:32+00:00\",\"dateModified\":\"2026-01-09T08:23:12+00:00\",\"description\":\"SISTEMA INTERN D'INFORMACI\u00d3SISTEMA INTERNO DE INFORMACI\u00d3N\",\"breadcrumb\":{\"@id\":\"https:\\\/\\\/asseguris.com\\\/es\\\/sistema-interno-de-informacion\\\/#breadcrumb\"},\"inLanguage\":\"es\",\"potentialAction\":[{\"@type\":\"ReadAction\",\"target\":[\"https:\\\/\\\/asseguris.com\\\/es\\\/sistema-interno-de-informacion\\\/\"]}]},{\"@type\":\"BreadcrumbList\",\"@id\":\"https:\\\/\\\/asseguris.com\\\/es\\\/sistema-interno-de-informacion\\\/#breadcrumb\",\"itemListElement\":[{\"@type\":\"ListItem\",\"position\":1,\"name\":\"Portada\",\"item\":\"https:\\\/\\\/asseguris.com\\\/\"},{\"@type\":\"ListItem\",\"position\":2,\"name\":\"SISTEMA INTERNO DE INFORMACI\u00d3N\"}]},{\"@type\":\"WebSite\",\"@id\":\"https:\\\/\\\/asseguris.com\\\/es\\\/#website\",\"url\":\"https:\\\/\\\/asseguris.com\\\/es\\\/\",\"name\":\"ASSEGURIS\",\"description\":\"Especialistas en seguros para empresas en Pineda de Mar y Calella\",\"potentialAction\":[{\"@type\":\"SearchAction\",\"target\":{\"@type\":\"EntryPoint\",\"urlTemplate\":\"https:\\\/\\\/asseguris.com\\\/es\\\/?s={search_term_string}\"},\"query-input\":{\"@type\":\"PropertyValueSpecification\",\"valueRequired\":true,\"valueName\":\"search_term_string\"}}],\"inLanguage\":\"es\"}]}<\/script>\n<!-- \/ Yoast SEO plugin. -->","yoast_head_json":{"title":"SISTEMA INTERNO DE INFORMACI\u00d3N - ASSEGURIS","description":"SISTEMA INTERN D'INFORMACI\u00d3SISTEMA INTERNO DE INFORMACI\u00d3N","robots":{"index":"noindex","follow":"follow"},"og_locale":"es_ES","og_type":"article","og_title":"SISTEMA INTERNO DE INFORMACI\u00d3N - ASSEGURIS","og_description":"SISTEMA INTERN D'INFORMACI\u00d3SISTEMA INTERNO DE INFORMACI\u00d3N","og_url":"https:\/\/asseguris.com\/es\/sistema-interno-de-informacion\/","og_site_name":"ASSEGURIS","article_modified_time":"2026-01-09T08:23:12+00:00","twitter_card":"summary_large_image","schema":{"@context":"https:\/\/schema.org","@graph":[{"@type":"WebPage","@id":"https:\/\/asseguris.com\/es\/sistema-interno-de-informacion\/","url":"https:\/\/asseguris.com\/es\/sistema-interno-de-informacion\/","name":"SISTEMA INTERNO DE INFORMACI\u00d3N - ASSEGURIS","isPartOf":{"@id":"https:\/\/asseguris.com\/es\/#website"},"datePublished":"2023-11-28T12:26:32+00:00","dateModified":"2026-01-09T08:23:12+00:00","description":"SISTEMA INTERN D'INFORMACI\u00d3SISTEMA INTERNO DE INFORMACI\u00d3N","breadcrumb":{"@id":"https:\/\/asseguris.com\/es\/sistema-interno-de-informacion\/#breadcrumb"},"inLanguage":"es","potentialAction":[{"@type":"ReadAction","target":["https:\/\/asseguris.com\/es\/sistema-interno-de-informacion\/"]}]},{"@type":"BreadcrumbList","@id":"https:\/\/asseguris.com\/es\/sistema-interno-de-informacion\/#breadcrumb","itemListElement":[{"@type":"ListItem","position":1,"name":"Portada","item":"https:\/\/asseguris.com\/"},{"@type":"ListItem","position":2,"name":"SISTEMA INTERNO DE INFORMACI\u00d3N"}]},{"@type":"WebSite","@id":"https:\/\/asseguris.com\/es\/#website","url":"https:\/\/asseguris.com\/es\/","name":"ASSEGURIS","description":"Especialistas en seguros para empresas en Pineda de Mar y Calella","potentialAction":[{"@type":"SearchAction","target":{"@type":"EntryPoint","urlTemplate":"https:\/\/asseguris.com\/es\/?s={search_term_string}"},"query-input":{"@type":"PropertyValueSpecification","valueRequired":true,"valueName":"search_term_string"}}],"inLanguage":"es"}]}},"_links":{"self":[{"href":"https:\/\/asseguris.com\/es\/wp-json\/wp\/v2\/pages\/25934","targetHints":{"allow":["GET"]}}],"collection":[{"href":"https:\/\/asseguris.com\/es\/wp-json\/wp\/v2\/pages"}],"about":[{"href":"https:\/\/asseguris.com\/es\/wp-json\/wp\/v2\/types\/page"}],"author":[{"embeddable":true,"href":"https:\/\/asseguris.com\/es\/wp-json\/wp\/v2\/users\/5"}],"replies":[{"embeddable":true,"href":"https:\/\/asseguris.com\/es\/wp-json\/wp\/v2\/comments?post=25934"}],"version-history":[{"count":4,"href":"https:\/\/asseguris.com\/es\/wp-json\/wp\/v2\/pages\/25934\/revisions"}],"predecessor-version":[{"id":33414,"href":"https:\/\/asseguris.com\/es\/wp-json\/wp\/v2\/pages\/25934\/revisions\/33414"}],"wp:attachment":[{"href":"https:\/\/asseguris.com\/es\/wp-json\/wp\/v2\/media?parent=25934"}],"curies":[{"name":"wp","href":"https:\/\/api.w.org\/{rel}","templated":true}]}}