{"id":21553,"date":"2021-03-03T17:05:14","date_gmt":"2021-03-03T16:05:14","guid":{"rendered":"https:\/\/www.asseguris.com\/?page_id=21553"},"modified":"2024-11-14T14:12:10","modified_gmt":"2024-11-14T13:12:10","slug":"colaboradores-empresas-seguros","status":"publish","type":"page","link":"https:\/\/asseguris.com\/es\/colaboradores-empresas-seguros\/","title":{"rendered":"COLABORADORES"},"content":{"rendered":"","protected":false},"excerpt":{"rendered":"","protected":false},"author":5,"featured_media":0,"parent":0,"menu_order":90,"comment_status":"closed","ping_status":"closed","template":"","meta":{"footnotes":""},"class_list":["post-21553","page","type-page","status-publish","hentry"],"yoast_head":"<!-- This site is optimized with the Yoast SEO plugin v27.5 - https:\/\/yoast.com\/product\/yoast-seo-wordpress\/ -->\n<title>Asseguris - Tu corredur\u00eda de seguros a Pineda y Calella<\/title>\n<meta name=\"description\" content=\"Tu corredur\u00eda de seguros Pineda y Calella, con las mejores marcas del mercado de los seguros de veh\u00edculos, hogar, etc.\" \/>\n<meta name=\"robots\" content=\"index, follow, max-snippet:-1, max-image-preview:large, max-video-preview:-1\" \/>\n<link rel=\"canonical\" href=\"https:\/\/asseguris.com\/colaboradors-empreses-asseguradores\/\" \/>\n<meta property=\"og:locale\" content=\"es_ES\" \/>\n<meta property=\"og:type\" content=\"article\" \/>\n<meta property=\"og:title\" content=\"Asseguris - Tu corredur\u00eda de seguros a Pineda y Calella\" \/>\n<meta property=\"og:description\" content=\"Tu corredur\u00eda de seguros Pineda y Calella, con las mejores marcas del mercado de los seguros de veh\u00edculos, hogar, etc.\" \/>\n<meta property=\"og:url\" content=\"https:\/\/asseguris.com\/colaboradors-empreses-asseguradores\/\" \/>\n<meta property=\"og:site_name\" content=\"ASSEGURIS\" \/>\n<meta property=\"article:modified_time\" content=\"2024-11-14T13:12:10+00:00\" \/>\n<meta name=\"twitter:card\" content=\"summary_large_image\" \/>\n<script type=\"application\/ld+json\" class=\"yoast-schema-graph\">{\"@context\":\"https:\\\/\\\/schema.org\",\"@graph\":[{\"@type\":\"WebPage\",\"@id\":\"https:\\\/\\\/asseguris.com\\\/colaboradors-empreses-asseguradores\\\/\",\"url\":\"https:\\\/\\\/asseguris.com\\\/colaboradors-empreses-asseguradores\\\/\",\"name\":\"Asseguris - Tu corredur\u00eda de seguros a Pineda y Calella\",\"isPartOf\":{\"@id\":\"https:\\\/\\\/asseguris.com\\\/es\\\/#website\"},\"datePublished\":\"2021-03-03T16:05:14+00:00\",\"dateModified\":\"2024-11-14T13:12:10+00:00\",\"description\":\"Tu corredur\u00eda de seguros Pineda y Calella, con las mejores marcas del mercado de los seguros de veh\u00edculos, hogar, etc.\",\"breadcrumb\":{\"@id\":\"https:\\\/\\\/asseguris.com\\\/colaboradors-empreses-asseguradores\\\/#breadcrumb\"},\"inLanguage\":\"es\",\"potentialAction\":[{\"@type\":\"ReadAction\",\"target\":[\"https:\\\/\\\/asseguris.com\\\/colaboradors-empreses-asseguradores\\\/\"]}]},{\"@type\":\"BreadcrumbList\",\"@id\":\"https:\\\/\\\/asseguris.com\\\/colaboradors-empreses-asseguradores\\\/#breadcrumb\",\"itemListElement\":[{\"@type\":\"ListItem\",\"position\":1,\"name\":\"Portada\",\"item\":\"https:\\\/\\\/asseguris.com\\\/\"},{\"@type\":\"ListItem\",\"position\":2,\"name\":\"COLABORADORES\"}]},{\"@type\":\"WebSite\",\"@id\":\"https:\\\/\\\/asseguris.com\\\/es\\\/#website\",\"url\":\"https:\\\/\\\/asseguris.com\\\/es\\\/\",\"name\":\"ASSEGURIS\",\"description\":\"Especialistas en seguros para empresas en Pineda de Mar y Calella\",\"potentialAction\":[{\"@type\":\"SearchAction\",\"target\":{\"@type\":\"EntryPoint\",\"urlTemplate\":\"https:\\\/\\\/asseguris.com\\\/es\\\/?s={search_term_string}\"},\"query-input\":{\"@type\":\"PropertyValueSpecification\",\"valueRequired\":true,\"valueName\":\"search_term_string\"}}],\"inLanguage\":\"es\"}]}<\/script>\n<!-- \/ Yoast SEO plugin. -->","yoast_head_json":{"title":"Asseguris - Tu corredur\u00eda de seguros a Pineda y Calella","description":"Tu corredur\u00eda de seguros Pineda y Calella, con las mejores marcas del mercado de los seguros de veh\u00edculos, hogar, etc.","robots":{"index":"index","follow":"follow","max-snippet":"max-snippet:-1","max-image-preview":"max-image-preview:large","max-video-preview":"max-video-preview:-1"},"canonical":"https:\/\/asseguris.com\/colaboradors-empreses-asseguradores\/","og_locale":"es_ES","og_type":"article","og_title":"Asseguris - Tu corredur\u00eda de seguros a Pineda y Calella","og_description":"Tu corredur\u00eda de seguros Pineda y Calella, con las mejores marcas del mercado de los seguros de veh\u00edculos, hogar, etc.","og_url":"https:\/\/asseguris.com\/colaboradors-empreses-asseguradores\/","og_site_name":"ASSEGURIS","article_modified_time":"2024-11-14T13:12:10+00:00","twitter_card":"summary_large_image","schema":{"@context":"https:\/\/schema.org","@graph":[{"@type":"WebPage","@id":"https:\/\/asseguris.com\/colaboradors-empreses-asseguradores\/","url":"https:\/\/asseguris.com\/colaboradors-empreses-asseguradores\/","name":"Asseguris - Tu corredur\u00eda de seguros a Pineda y Calella","isPartOf":{"@id":"https:\/\/asseguris.com\/es\/#website"},"datePublished":"2021-03-03T16:05:14+00:00","dateModified":"2024-11-14T13:12:10+00:00","description":"Tu corredur\u00eda de seguros Pineda y Calella, con las mejores marcas del mercado de los seguros de veh\u00edculos, hogar, etc.","breadcrumb":{"@id":"https:\/\/asseguris.com\/colaboradors-empreses-asseguradores\/#breadcrumb"},"inLanguage":"es","potentialAction":[{"@type":"ReadAction","target":["https:\/\/asseguris.com\/colaboradors-empreses-asseguradores\/"]}]},{"@type":"BreadcrumbList","@id":"https:\/\/asseguris.com\/colaboradors-empreses-asseguradores\/#breadcrumb","itemListElement":[{"@type":"ListItem","position":1,"name":"Portada","item":"https:\/\/asseguris.com\/"},{"@type":"ListItem","position":2,"name":"COLABORADORES"}]},{"@type":"WebSite","@id":"https:\/\/asseguris.com\/es\/#website","url":"https:\/\/asseguris.com\/es\/","name":"ASSEGURIS","description":"Especialistas en seguros para empresas en Pineda de Mar y Calella","potentialAction":[{"@type":"SearchAction","target":{"@type":"EntryPoint","urlTemplate":"https:\/\/asseguris.com\/es\/?s={search_term_string}"},"query-input":{"@type":"PropertyValueSpecification","valueRequired":true,"valueName":"search_term_string"}}],"inLanguage":"es"}]}},"_links":{"self":[{"href":"https:\/\/asseguris.com\/es\/wp-json\/wp\/v2\/pages\/21553","targetHints":{"allow":["GET"]}}],"collection":[{"href":"https:\/\/asseguris.com\/es\/wp-json\/wp\/v2\/pages"}],"about":[{"href":"https:\/\/asseguris.com\/es\/wp-json\/wp\/v2\/types\/page"}],"author":[{"embeddable":true,"href":"https:\/\/asseguris.com\/es\/wp-json\/wp\/v2\/users\/5"}],"replies":[{"embeddable":true,"href":"https:\/\/asseguris.com\/es\/wp-json\/wp\/v2\/comments?post=21553"}],"version-history":[{"count":4,"href":"https:\/\/asseguris.com\/es\/wp-json\/wp\/v2\/pages\/21553\/revisions"}],"predecessor-version":[{"id":26613,"href":"https:\/\/asseguris.com\/es\/wp-json\/wp\/v2\/pages\/21553\/revisions\/26613"}],"wp:attachment":[{"href":"https:\/\/asseguris.com\/es\/wp-json\/wp\/v2\/media?parent=21553"}],"curies":[{"name":"wp","href":"https:\/\/api.w.org\/{rel}","templated":true}]}}