{"id":20863,"date":"2021-01-22T13:00:36","date_gmt":"2021-01-22T12:00:36","guid":{"rendered":"https:\/\/www.asseguris.com\/?page_id=20863"},"modified":"2021-05-25T10:22:32","modified_gmt":"2021-05-25T08:22:32","slug":"gestiones-seguros-particulares-empresas","status":"publish","type":"page","link":"https:\/\/asseguris.com\/es\/gestiones-seguros-particulares-empresas\/","title":{"rendered":"GESTIONES"},"content":{"rendered":"","protected":false},"excerpt":{"rendered":"","protected":false},"author":5,"featured_media":0,"parent":0,"menu_order":96,"comment_status":"closed","ping_status":"closed","template":"","meta":{"footnotes":""},"class_list":["post-20863","page","type-page","status-publish","hentry"],"yoast_head":"<!-- This site is optimized with the Yoast SEO plugin v27.5 - https:\/\/yoast.com\/product\/yoast-seo-wordpress\/ -->\n<title>\u25b7 Gestiones de Seguros para particulares y empresas - ASSEGURIS<\/title>\n<meta name=\"description\" content=\"Gestiones y tr\u00e1mites de seguros para los particulares y empresas, como actualizaci\u00f3n de datos personales y autorizaci\u00f3n de pruebas m\u00e9dicas.\" \/>\n<meta name=\"robots\" content=\"index, follow, max-snippet:-1, max-image-preview:large, max-video-preview:-1\" \/>\n<link rel=\"canonical\" href=\"https:\/\/asseguris.com\/es\/gestiones-seguros-particulares-empresas\/\" \/>\n<meta property=\"og:locale\" content=\"es_ES\" \/>\n<meta property=\"og:type\" content=\"article\" \/>\n<meta property=\"og:title\" content=\"\u25b7 Gestiones de Seguros para particulares y empresas - ASSEGURIS\" \/>\n<meta property=\"og:description\" content=\"Gestiones y tr\u00e1mites de seguros para los particulares y empresas, como actualizaci\u00f3n de datos personales y autorizaci\u00f3n de pruebas m\u00e9dicas.\" \/>\n<meta property=\"og:url\" content=\"https:\/\/asseguris.com\/es\/gestiones-seguros-particulares-empresas\/\" \/>\n<meta property=\"og:site_name\" content=\"ASSEGURIS\" \/>\n<meta property=\"article:modified_time\" content=\"2021-05-25T08:22:32+00:00\" \/>\n<meta name=\"twitter:card\" content=\"summary_large_image\" \/>\n<script type=\"application\/ld+json\" class=\"yoast-schema-graph\">{\"@context\":\"https:\\\/\\\/schema.org\",\"@graph\":[{\"@type\":\"WebPage\",\"@id\":\"https:\\\/\\\/asseguris.com\\\/es\\\/gestiones-seguros-particulares-empresas\\\/\",\"url\":\"https:\\\/\\\/asseguris.com\\\/es\\\/gestiones-seguros-particulares-empresas\\\/\",\"name\":\"\u25b7 Gestiones de Seguros para particulares y empresas - ASSEGURIS\",\"isPartOf\":{\"@id\":\"https:\\\/\\\/asseguris.com\\\/es\\\/#website\"},\"datePublished\":\"2021-01-22T12:00:36+00:00\",\"dateModified\":\"2021-05-25T08:22:32+00:00\",\"description\":\"Gestiones y tr\u00e1mites de seguros para los particulares y empresas, como actualizaci\u00f3n de datos personales y autorizaci\u00f3n de pruebas m\u00e9dicas.\",\"breadcrumb\":{\"@id\":\"https:\\\/\\\/asseguris.com\\\/es\\\/gestiones-seguros-particulares-empresas\\\/#breadcrumb\"},\"inLanguage\":\"es\",\"potentialAction\":[{\"@type\":\"ReadAction\",\"target\":[\"https:\\\/\\\/asseguris.com\\\/es\\\/gestiones-seguros-particulares-empresas\\\/\"]}]},{\"@type\":\"BreadcrumbList\",\"@id\":\"https:\\\/\\\/asseguris.com\\\/es\\\/gestiones-seguros-particulares-empresas\\\/#breadcrumb\",\"itemListElement\":[{\"@type\":\"ListItem\",\"position\":1,\"name\":\"Portada\",\"item\":\"https:\\\/\\\/asseguris.com\\\/\"},{\"@type\":\"ListItem\",\"position\":2,\"name\":\"GESTIONES\"}]},{\"@type\":\"WebSite\",\"@id\":\"https:\\\/\\\/asseguris.com\\\/es\\\/#website\",\"url\":\"https:\\\/\\\/asseguris.com\\\/es\\\/\",\"name\":\"ASSEGURIS\",\"description\":\"Especialistas en seguros para empresas en Pineda de Mar y Calella\",\"potentialAction\":[{\"@type\":\"SearchAction\",\"target\":{\"@type\":\"EntryPoint\",\"urlTemplate\":\"https:\\\/\\\/asseguris.com\\\/es\\\/?s={search_term_string}\"},\"query-input\":{\"@type\":\"PropertyValueSpecification\",\"valueRequired\":true,\"valueName\":\"search_term_string\"}}],\"inLanguage\":\"es\"}]}<\/script>\n<!-- \/ Yoast SEO plugin. -->","yoast_head_json":{"title":"\u25b7 Gestiones de Seguros para particulares y empresas - ASSEGURIS","description":"Gestiones y tr\u00e1mites de seguros para los particulares y empresas, como actualizaci\u00f3n de datos personales y autorizaci\u00f3n de pruebas m\u00e9dicas.","robots":{"index":"index","follow":"follow","max-snippet":"max-snippet:-1","max-image-preview":"max-image-preview:large","max-video-preview":"max-video-preview:-1"},"canonical":"https:\/\/asseguris.com\/es\/gestiones-seguros-particulares-empresas\/","og_locale":"es_ES","og_type":"article","og_title":"\u25b7 Gestiones de Seguros para particulares y empresas - ASSEGURIS","og_description":"Gestiones y tr\u00e1mites de seguros para los particulares y empresas, como actualizaci\u00f3n de datos personales y autorizaci\u00f3n de pruebas m\u00e9dicas.","og_url":"https:\/\/asseguris.com\/es\/gestiones-seguros-particulares-empresas\/","og_site_name":"ASSEGURIS","article_modified_time":"2021-05-25T08:22:32+00:00","twitter_card":"summary_large_image","schema":{"@context":"https:\/\/schema.org","@graph":[{"@type":"WebPage","@id":"https:\/\/asseguris.com\/es\/gestiones-seguros-particulares-empresas\/","url":"https:\/\/asseguris.com\/es\/gestiones-seguros-particulares-empresas\/","name":"\u25b7 Gestiones de Seguros para particulares y empresas - ASSEGURIS","isPartOf":{"@id":"https:\/\/asseguris.com\/es\/#website"},"datePublished":"2021-01-22T12:00:36+00:00","dateModified":"2021-05-25T08:22:32+00:00","description":"Gestiones y tr\u00e1mites de seguros para los particulares y empresas, como actualizaci\u00f3n de datos personales y autorizaci\u00f3n de pruebas m\u00e9dicas.","breadcrumb":{"@id":"https:\/\/asseguris.com\/es\/gestiones-seguros-particulares-empresas\/#breadcrumb"},"inLanguage":"es","potentialAction":[{"@type":"ReadAction","target":["https:\/\/asseguris.com\/es\/gestiones-seguros-particulares-empresas\/"]}]},{"@type":"BreadcrumbList","@id":"https:\/\/asseguris.com\/es\/gestiones-seguros-particulares-empresas\/#breadcrumb","itemListElement":[{"@type":"ListItem","position":1,"name":"Portada","item":"https:\/\/asseguris.com\/"},{"@type":"ListItem","position":2,"name":"GESTIONES"}]},{"@type":"WebSite","@id":"https:\/\/asseguris.com\/es\/#website","url":"https:\/\/asseguris.com\/es\/","name":"ASSEGURIS","description":"Especialistas en seguros para empresas en Pineda de Mar y Calella","potentialAction":[{"@type":"SearchAction","target":{"@type":"EntryPoint","urlTemplate":"https:\/\/asseguris.com\/es\/?s={search_term_string}"},"query-input":{"@type":"PropertyValueSpecification","valueRequired":true,"valueName":"search_term_string"}}],"inLanguage":"es"}]}},"_links":{"self":[{"href":"https:\/\/asseguris.com\/es\/wp-json\/wp\/v2\/pages\/20863","targetHints":{"allow":["GET"]}}],"collection":[{"href":"https:\/\/asseguris.com\/es\/wp-json\/wp\/v2\/pages"}],"about":[{"href":"https:\/\/asseguris.com\/es\/wp-json\/wp\/v2\/types\/page"}],"author":[{"embeddable":true,"href":"https:\/\/asseguris.com\/es\/wp-json\/wp\/v2\/users\/5"}],"replies":[{"embeddable":true,"href":"https:\/\/asseguris.com\/es\/wp-json\/wp\/v2\/comments?post=20863"}],"version-history":[{"count":0,"href":"https:\/\/asseguris.com\/es\/wp-json\/wp\/v2\/pages\/20863\/revisions"}],"wp:attachment":[{"href":"https:\/\/asseguris.com\/es\/wp-json\/wp\/v2\/media?parent=20863"}],"curies":[{"name":"wp","href":"https:\/\/api.w.org\/{rel}","templated":true}]}}